{"id":2098,"date":"2026-03-25T12:13:09","date_gmt":"2026-03-25T11:13:09","guid":{"rendered":"https:\/\/www.loree-du-bois.be\/?post_type=product&#038;p=2098"},"modified":"2026-03-25T12:13:59","modified_gmt":"2026-03-25T11:13:59","slug":"bougie-oeuf-de-paques","status":"publish","type":"product","link":"https:\/\/www.loree-du-bois.be\/?product=bougie-oeuf-de-paques","title":{"rendered":"Bougie &#8211; Oeuf de P\u00e2ques"},"content":{"rendered":"<p>Craquez pour notre bougie artisanale en forme d&#8217;oeuf, d\u00e9licatement parfum\u00e9e \u00e0 la senteur de votre choix (4 disponibles)<\/p>\n<p>Coul\u00e9e \u00e0 la main avec de la cire v\u00e9g\u00e9tale d&#8217;olive europ\u00e9enne, parfum de Grasse, elle diffuse une ambiance chaleureuse et r\u00e9confortante, parfaite sur votre table ou en d\u00e9coration, pour c\u00e9l\u00e9brer p\u00e2ques en douceur.<\/p>\n<p>Contenance :<\/p>\n<ul>\n<li>Petit Oeuf : 160 grammes (20 heures de combustion)<\/li>\n<li>Grand Oeuf : 330 grammes (35 heures de combustion)<\/li>\n<\/ul>\n<p>M\u00e8che : Coton<\/p>\n","protected":false},"excerpt":{"rendered":"<p>Craquez pour notre bougie artisanale en forme d&#8217;oeuf, d\u00e9licatement parfum\u00e9e \u00e0 la senteur de votre choix (4 disponibles) Coul\u00e9e \u00e0 la main avec de la cire v\u00e9g\u00e9tale d&#8217;olive europ\u00e9enne, parfum de Grasse, elle diffuse une ambiance chaleureuse et r\u00e9confortante, parfaite sur votre table ou en d\u00e9coration, pour c\u00e9l\u00e9brer p\u00e2ques en douceur. Contenance : Petit Oeuf [&hellip;]<\/p>\n","protected":false},"featured_media":2101,"comment_status":"open","ping_status":"closed","template":"","meta":[],"product_brand":[],"product_cat":[28],"product_tag":[],"class_list":{"0":"post-2098","1":"product","2":"type-product","3":"status-publish","4":"has-post-thumbnail","6":"product_cat-bougie-creative","8":"first","9":"instock","10":"taxable","11":"shipping-taxable","12":"purchasable","13":"product-type-variable"},"jetpack_sharing_enabled":true,"_links":{"self":[{"href":"https:\/\/www.loree-du-bois.be\/index.php?rest_route=\/wp\/v2\/product\/2098","targetHints":{"allow":["GET"]}}],"collection":[{"href":"https:\/\/www.loree-du-bois.be\/index.php?rest_route=\/wp\/v2\/product"}],"about":[{"href":"https:\/\/www.loree-du-bois.be\/index.php?rest_route=\/wp\/v2\/types\/product"}],"replies":[{"embeddable":true,"href":"https:\/\/www.loree-du-bois.be\/index.php?rest_route=%2Fwp%2Fv2%2Fcomments&post=2098"}],"wp:featuredmedia":[{"embeddable":true,"href":"https:\/\/www.loree-du-bois.be\/index.php?rest_route=\/wp\/v2\/media\/2101"}],"wp:attachment":[{"href":"https:\/\/www.loree-du-bois.be\/index.php?rest_route=%2Fwp%2Fv2%2Fmedia&parent=2098"}],"wp:term":[{"taxonomy":"product_brand","embeddable":true,"href":"https:\/\/www.loree-du-bois.be\/index.php?rest_route=%2Fwp%2Fv2%2Fproduct_brand&post=2098"},{"taxonomy":"product_cat","embeddable":true,"href":"https:\/\/www.loree-du-bois.be\/index.php?rest_route=%2Fwp%2Fv2%2Fproduct_cat&post=2098"},{"taxonomy":"product_tag","embeddable":true,"href":"https:\/\/www.loree-du-bois.be\/index.php?rest_route=%2Fwp%2Fv2%2Fproduct_tag&post=2098"}],"curies":[{"name":"wp","href":"https:\/\/api.w.org\/{rel}","templated":true}]}}