{"id":1959,"date":"2026-03-23T11:47:59","date_gmt":"2026-03-23T10:47:59","guid":{"rendered":"https:\/\/www.loree-du-bois.be\/?post_type=product&#038;p=1959"},"modified":"2026-03-23T12:09:26","modified_gmt":"2026-03-23T11:09:26","slug":"bougie-classique","status":"publish","type":"product","link":"https:\/\/www.loree-du-bois.be\/?product=bougie-classique","title":{"rendered":"Bougie classique"},"content":{"rendered":"<p>Coul\u00e9e \u00e0 la main, \u00e0 base de cire naturelle d\u2019olive europ\u00e9enne, parfum de Grasse.<\/p>\n<p><strong>Contenance :<\/strong> 220ml<\/p>\n<p><strong>Dur\u00e9e de combustion<\/strong>\u00a0<strong>:<\/strong> 35 heures<\/p>\n<p><strong>M\u00e8che :<\/strong> Coton<\/p>\n","protected":false},"excerpt":{"rendered":"<p>Coul\u00e9e \u00e0 la main, \u00e0 base de cire naturelle d\u2019olive europ\u00e9enne, parfum de Grasse. Contenance : 220ml Dur\u00e9e de combustion\u00a0: 35 heures M\u00e8che : Coton<\/p>\n","protected":false},"featured_media":1803,"comment_status":"open","ping_status":"closed","template":"","meta":[],"product_brand":[],"product_cat":[29,22],"product_tag":[27,24,26,33],"class_list":{"0":"post-1959","1":"product","2":"type-product","3":"status-publish","4":"has-post-thumbnail","6":"product_cat-bougie-classique","7":"product_cat-non-classe","8":"product_tag-artisanal","9":"product_tag-bougie","10":"product_tag-naturelle","11":"product_tag-parfumee","13":"first","14":"instock","15":"taxable","16":"shipping-taxable","17":"purchasable","18":"product-type-variable"},"jetpack_sharing_enabled":true,"_links":{"self":[{"href":"https:\/\/www.loree-du-bois.be\/index.php?rest_route=\/wp\/v2\/product\/1959","targetHints":{"allow":["GET"]}}],"collection":[{"href":"https:\/\/www.loree-du-bois.be\/index.php?rest_route=\/wp\/v2\/product"}],"about":[{"href":"https:\/\/www.loree-du-bois.be\/index.php?rest_route=\/wp\/v2\/types\/product"}],"replies":[{"embeddable":true,"href":"https:\/\/www.loree-du-bois.be\/index.php?rest_route=%2Fwp%2Fv2%2Fcomments&post=1959"}],"wp:featuredmedia":[{"embeddable":true,"href":"https:\/\/www.loree-du-bois.be\/index.php?rest_route=\/wp\/v2\/media\/1803"}],"wp:attachment":[{"href":"https:\/\/www.loree-du-bois.be\/index.php?rest_route=%2Fwp%2Fv2%2Fmedia&parent=1959"}],"wp:term":[{"taxonomy":"product_brand","embeddable":true,"href":"https:\/\/www.loree-du-bois.be\/index.php?rest_route=%2Fwp%2Fv2%2Fproduct_brand&post=1959"},{"taxonomy":"product_cat","embeddable":true,"href":"https:\/\/www.loree-du-bois.be\/index.php?rest_route=%2Fwp%2Fv2%2Fproduct_cat&post=1959"},{"taxonomy":"product_tag","embeddable":true,"href":"https:\/\/www.loree-du-bois.be\/index.php?rest_route=%2Fwp%2Fv2%2Fproduct_tag&post=1959"}],"curies":[{"name":"wp","href":"https:\/\/api.w.org\/{rel}","templated":true}]}}