{"id":1958,"date":"2026-03-23T11:40:36","date_gmt":"2026-03-23T10:40:36","guid":{"rendered":"https:\/\/www.loree-du-bois.be\/?post_type=product&#038;p=1958"},"modified":"2026-03-23T12:12:19","modified_gmt":"2026-03-23T11:12:19","slug":"bougie-classique-let-it-snow","status":"publish","type":"product","link":"https:\/\/www.loree-du-bois.be\/?product=bougie-classique-let-it-snow","title":{"rendered":"Bougie classique &#8220;Let it Snow&#8221;"},"content":{"rendered":"<p>Coul\u00e9e \u00e0 la main, \u00e0 base de cire naturelle d\u2019olive europ\u00e9enne, parfum de Grasse.<\/p>\n<p><strong>Contenance :<\/strong> 220 ml<\/p>\n<p><strong>Dur\u00e9e de combustion<\/strong>\u00a0<strong>:<\/strong> 35 heures<\/p>\n<p><strong>M\u00e8che :<\/strong> En coton<\/p>\n","protected":false},"excerpt":{"rendered":"<p>Coul\u00e9e \u00e0 la main, \u00e0 base de cire naturelle d\u2019olive europ\u00e9enne, parfum de Grasse. Contenance : 220 ml Dur\u00e9e de combustion\u00a0: 35 heures M\u00e8che : En coton<\/p>\n","protected":false},"featured_media":1170,"comment_status":"open","ping_status":"closed","template":"","meta":[],"product_brand":[],"product_cat":[29],"product_tag":[24,26,33],"class_list":{"0":"post-1958","1":"product","2":"type-product","3":"status-publish","4":"has-post-thumbnail","6":"product_cat-bougie-classique","7":"product_tag-bougie","8":"product_tag-naturelle","9":"product_tag-parfumee","11":"first","12":"instock","13":"taxable","14":"shipping-taxable","15":"purchasable","16":"product-type-variable"},"jetpack_sharing_enabled":true,"_links":{"self":[{"href":"https:\/\/www.loree-du-bois.be\/index.php?rest_route=\/wp\/v2\/product\/1958","targetHints":{"allow":["GET"]}}],"collection":[{"href":"https:\/\/www.loree-du-bois.be\/index.php?rest_route=\/wp\/v2\/product"}],"about":[{"href":"https:\/\/www.loree-du-bois.be\/index.php?rest_route=\/wp\/v2\/types\/product"}],"replies":[{"embeddable":true,"href":"https:\/\/www.loree-du-bois.be\/index.php?rest_route=%2Fwp%2Fv2%2Fcomments&post=1958"}],"wp:featuredmedia":[{"embeddable":true,"href":"https:\/\/www.loree-du-bois.be\/index.php?rest_route=\/wp\/v2\/media\/1170"}],"wp:attachment":[{"href":"https:\/\/www.loree-du-bois.be\/index.php?rest_route=%2Fwp%2Fv2%2Fmedia&parent=1958"}],"wp:term":[{"taxonomy":"product_brand","embeddable":true,"href":"https:\/\/www.loree-du-bois.be\/index.php?rest_route=%2Fwp%2Fv2%2Fproduct_brand&post=1958"},{"taxonomy":"product_cat","embeddable":true,"href":"https:\/\/www.loree-du-bois.be\/index.php?rest_route=%2Fwp%2Fv2%2Fproduct_cat&post=1958"},{"taxonomy":"product_tag","embeddable":true,"href":"https:\/\/www.loree-du-bois.be\/index.php?rest_route=%2Fwp%2Fv2%2Fproduct_tag&post=1958"}],"curies":[{"name":"wp","href":"https:\/\/api.w.org\/{rel}","templated":true}]}}