{"id":1957,"date":"2026-03-23T11:33:11","date_gmt":"2026-03-23T10:33:11","guid":{"rendered":"https:\/\/www.loree-du-bois.be\/?post_type=product&#038;p=1957"},"modified":"2026-03-23T12:21:40","modified_gmt":"2026-03-23T11:21:40","slug":"bougie-signature-gold","status":"publish","type":"product","link":"https:\/\/www.loree-du-bois.be\/?product=bougie-signature-gold","title":{"rendered":"Bougie Signature &#8220;Gold&#8221;"},"content":{"rendered":"<p>Coul\u00e9e \u00e0 la main, \u00e0 base de cire naturelle d\u2019olive europ\u00e9enne, parfum de Grasse.<\/p>\n<p>Pot r\u00e9alis\u00e9 \u00e0 la main, en r\u00e9sine \u00e9cologique et feuille d&#8217;or.<\/p>\n<p><strong>Contenance :<\/strong> 280ml<\/p>\n<p><strong>Dur\u00e9e de combustion<\/strong>\u00a0<strong>:<\/strong> 45 heures<\/p>\n<p><strong>M\u00e8che :<\/strong> En coton ou en bois<\/p>\n","protected":false},"excerpt":{"rendered":"<p>Coul\u00e9e \u00e0 la main, \u00e0 base de cire naturelle d\u2019olive europ\u00e9enne, parfum de Grasse. Pot r\u00e9alis\u00e9 \u00e0 la main, en r\u00e9sine \u00e9cologique et feuille d&#8217;or. Contenance : 280ml Dur\u00e9e de combustion\u00a0: 45 heures M\u00e8che : En coton ou en bois<\/p>\n","protected":false},"featured_media":1800,"comment_status":"open","ping_status":"closed","template":"","meta":[],"product_brand":[],"product_cat":[28],"product_tag":[35,24,36,26,37,33],"class_list":{"0":"post-1957","1":"product","2":"type-product","3":"status-publish","4":"has-post-thumbnail","6":"product_cat-bougie-creative","7":"product_tag-artisanale","8":"product_tag-bougie","9":"product_tag-jesmonite","10":"product_tag-naturelle","11":"product_tag-or","12":"product_tag-parfumee","14":"first","15":"instock","16":"taxable","17":"shipping-taxable","18":"purchasable","19":"product-type-variable"},"jetpack_sharing_enabled":true,"_links":{"self":[{"href":"https:\/\/www.loree-du-bois.be\/index.php?rest_route=\/wp\/v2\/product\/1957","targetHints":{"allow":["GET"]}}],"collection":[{"href":"https:\/\/www.loree-du-bois.be\/index.php?rest_route=\/wp\/v2\/product"}],"about":[{"href":"https:\/\/www.loree-du-bois.be\/index.php?rest_route=\/wp\/v2\/types\/product"}],"replies":[{"embeddable":true,"href":"https:\/\/www.loree-du-bois.be\/index.php?rest_route=%2Fwp%2Fv2%2Fcomments&post=1957"}],"wp:featuredmedia":[{"embeddable":true,"href":"https:\/\/www.loree-du-bois.be\/index.php?rest_route=\/wp\/v2\/media\/1800"}],"wp:attachment":[{"href":"https:\/\/www.loree-du-bois.be\/index.php?rest_route=%2Fwp%2Fv2%2Fmedia&parent=1957"}],"wp:term":[{"taxonomy":"product_brand","embeddable":true,"href":"https:\/\/www.loree-du-bois.be\/index.php?rest_route=%2Fwp%2Fv2%2Fproduct_brand&post=1957"},{"taxonomy":"product_cat","embeddable":true,"href":"https:\/\/www.loree-du-bois.be\/index.php?rest_route=%2Fwp%2Fv2%2Fproduct_cat&post=1957"},{"taxonomy":"product_tag","embeddable":true,"href":"https:\/\/www.loree-du-bois.be\/index.php?rest_route=%2Fwp%2Fv2%2Fproduct_tag&post=1957"}],"curies":[{"name":"wp","href":"https:\/\/api.w.org\/{rel}","templated":true}]}}