{"id":1930,"date":"2026-03-23T11:10:10","date_gmt":"2026-03-23T10:10:10","guid":{"rendered":"https:\/\/www.loree-du-bois.be\/?post_type=product&#038;p=1930"},"modified":"2026-03-23T11:26:54","modified_gmt":"2026-03-23T10:26:54","slug":"bougie-creative-fleurs","status":"publish","type":"product","link":"https:\/\/www.loree-du-bois.be\/?product=bougie-creative-fleurs","title":{"rendered":"Bougie Cr\u00e9ative Fleurs"},"content":{"rendered":"<p>Coul\u00e9e \u00e0 la main, \u00e0 base de cire naturelle d\u2019olive europ\u00e9enne, parfum de Grasse.<\/p>\n<p><strong>Contenance :<\/strong> 200ml<\/p>\n<p><strong>Dur\u00e9e de combustion<\/strong>\u00a0<strong>:<\/strong> 30 heures<\/p>\n","protected":false},"excerpt":{"rendered":"<p>Bougie artisanale naturelle parfum\u00e9e<\/p>\n","protected":false},"featured_media":1855,"comment_status":"open","ping_status":"closed","template":"","meta":[],"product_brand":[],"product_cat":[23,28],"product_tag":[27,24,32,26],"class_list":{"0":"post-1930","1":"product","2":"type-product","3":"status-publish","4":"has-post-thumbnail","6":"product_cat-bougie","7":"product_cat-bougie-creative","8":"product_tag-artisanal","9":"product_tag-bougie","10":"product_tag-fleurs","11":"product_tag-naturelle","13":"first","14":"instock","15":"taxable","16":"shipping-taxable","17":"purchasable","18":"product-type-simple"},"jetpack_sharing_enabled":true,"_links":{"self":[{"href":"https:\/\/www.loree-du-bois.be\/index.php?rest_route=\/wp\/v2\/product\/1930","targetHints":{"allow":["GET"]}}],"collection":[{"href":"https:\/\/www.loree-du-bois.be\/index.php?rest_route=\/wp\/v2\/product"}],"about":[{"href":"https:\/\/www.loree-du-bois.be\/index.php?rest_route=\/wp\/v2\/types\/product"}],"replies":[{"embeddable":true,"href":"https:\/\/www.loree-du-bois.be\/index.php?rest_route=%2Fwp%2Fv2%2Fcomments&post=1930"}],"wp:featuredmedia":[{"embeddable":true,"href":"https:\/\/www.loree-du-bois.be\/index.php?rest_route=\/wp\/v2\/media\/1855"}],"wp:attachment":[{"href":"https:\/\/www.loree-du-bois.be\/index.php?rest_route=%2Fwp%2Fv2%2Fmedia&parent=1930"}],"wp:term":[{"taxonomy":"product_brand","embeddable":true,"href":"https:\/\/www.loree-du-bois.be\/index.php?rest_route=%2Fwp%2Fv2%2Fproduct_brand&post=1930"},{"taxonomy":"product_cat","embeddable":true,"href":"https:\/\/www.loree-du-bois.be\/index.php?rest_route=%2Fwp%2Fv2%2Fproduct_cat&post=1930"},{"taxonomy":"product_tag","embeddable":true,"href":"https:\/\/www.loree-du-bois.be\/index.php?rest_route=%2Fwp%2Fv2%2Fproduct_tag&post=1930"}],"curies":[{"name":"wp","href":"https:\/\/api.w.org\/{rel}","templated":true}]}}