{"id":1906,"date":"2026-03-23T10:57:16","date_gmt":"2026-03-23T09:57:16","guid":{"rendered":"https:\/\/www.loree-du-bois.be\/?post_type=product&#038;p=1906"},"modified":"2026-03-25T12:33:43","modified_gmt":"2026-03-25T11:33:43","slug":"bougie-creative-rose","status":"publish","type":"product","link":"https:\/\/www.loree-du-bois.be\/?product=bougie-creative-rose","title":{"rendered":"Bougie Cr\u00e9ative Rose"},"content":{"rendered":"<p>Plong\u00e9e dans une atmosph\u00e8re douce et enveloppante avec ka bougie &#8220;Bois de Lune &#8211; Rose&#8221;, une cr\u00e9ation raffin\u00e9e alliant naturalit\u00e9 et \u00e9l\u00e9gance.<\/p>\n<p>Confectionn\u00e9e \u00e0 partit de cire d&#8217;olive v\u00e9g\u00e9tale et europ\u00e9enne, reconnue pour son excellente combustion et sa bonne tenue, cette bougie r\u00e9v\u00e8le une flamme chaleureuse et apaisante. En son coeur, une d\u00e9licate fleur se d\u00e9voile.<\/p>\n<p>Son parfum, \u00e9labor\u00e9 \u00e0 Grasse, berceau de la haute parfumerie, diffuse des notes subtiles et harmonieuses :<\/p>\n<ul>\n<li>Fleur de coton : Comme une douce brise sur un linge s\u00e9ch\u00e9 au soleil.<\/li>\n<li>Cachemire et soie : Evoque la douceur luxueuse et l&#8217;\u00e9l\u00e9gance raffin\u00e9e des textiles pr\u00e9cieux, avec des notes vanill\u00e9es, balsamiques l\u00e9g\u00e8res et bois\u00e9es.<\/li>\n<li>Poudre de riz : un parfum a\u00e9rien et doux, enveloppant, m\u00ealant des notes fleuries et l\u00e9g\u00e8rement musqu\u00e9e, comme une caresse.<\/li>\n<li>Th\u00e9 blanc : Ode \u00e0 la l\u00e9g\u00e8ret\u00e9 et \u00e0 la s\u00e9r\u00e9nit\u00e9, alliant fraicheur et dynamisme, comme un matin ensoleill\u00e9.<\/li>\n<\/ul>\n<p>Coul\u00e9e \u00e0 la main, \u00e0 base de cire naturelle d&#8217;olive europ\u00e9enne, parfum de Grasse.<\/p>\n<p><strong>Contenance :<\/strong> 150ml<\/p>\n<p><strong>Dur\u00e9e de combustion<\/strong> <strong>:<\/strong> 25 heures<\/p>\n<p>&nbsp;<\/p>\n","protected":false},"excerpt":{"rendered":"<p>Bougie artisanale naturelle<\/p>\n","protected":false},"featured_media":1837,"comment_status":"open","ping_status":"closed","template":"","meta":[],"product_brand":[],"product_cat":[23],"product_tag":[27,24,26,25],"class_list":{"0":"post-1906","1":"product","2":"type-product","3":"status-publish","4":"has-post-thumbnail","6":"product_cat-bougie","7":"product_tag-artisanal","8":"product_tag-bougie","9":"product_tag-naturelle","10":"product_tag-rose","12":"first","13":"instock","14":"taxable","15":"shipping-taxable","16":"purchasable","17":"product-type-variable"},"jetpack_sharing_enabled":true,"_links":{"self":[{"href":"https:\/\/www.loree-du-bois.be\/index.php?rest_route=\/wp\/v2\/product\/1906","targetHints":{"allow":["GET"]}}],"collection":[{"href":"https:\/\/www.loree-du-bois.be\/index.php?rest_route=\/wp\/v2\/product"}],"about":[{"href":"https:\/\/www.loree-du-bois.be\/index.php?rest_route=\/wp\/v2\/types\/product"}],"replies":[{"embeddable":true,"href":"https:\/\/www.loree-du-bois.be\/index.php?rest_route=%2Fwp%2Fv2%2Fcomments&post=1906"}],"wp:featuredmedia":[{"embeddable":true,"href":"https:\/\/www.loree-du-bois.be\/index.php?rest_route=\/wp\/v2\/media\/1837"}],"wp:attachment":[{"href":"https:\/\/www.loree-du-bois.be\/index.php?rest_route=%2Fwp%2Fv2%2Fmedia&parent=1906"}],"wp:term":[{"taxonomy":"product_brand","embeddable":true,"href":"https:\/\/www.loree-du-bois.be\/index.php?rest_route=%2Fwp%2Fv2%2Fproduct_brand&post=1906"},{"taxonomy":"product_cat","embeddable":true,"href":"https:\/\/www.loree-du-bois.be\/index.php?rest_route=%2Fwp%2Fv2%2Fproduct_cat&post=1906"},{"taxonomy":"product_tag","embeddable":true,"href":"https:\/\/www.loree-du-bois.be\/index.php?rest_route=%2Fwp%2Fv2%2Fproduct_tag&post=1906"}],"curies":[{"name":"wp","href":"https:\/\/api.w.org\/{rel}","templated":true}]}}